{"id":18,"date":"2012-10-05T09:15:52","date_gmt":"2012-10-05T08:15:52","guid":{"rendered":"http:\/\/vu2005.controlpanel.stator.cz\/?page_id=18"},"modified":"2014-06-25T14:03:14","modified_gmt":"2014-06-25T13:03:14","slug":"o-nas","status":"publish","type":"page","link":"https:\/\/spravodajstvo24.sk\/?page_id=18","title":{"rendered":"O n\u00e1s"},"content":{"rendered":"<p>Hlavn\u00fdm cie\u013eom port\u00e1lu <strong>Spravodajstvo24.sk<\/strong> je pravidelne prin\u00e1\u0161a\u0165 zauj\u00edmav\u00e9 fakty z vybran\u00fdch oblast\u00ed slovenskom trhu v ucelenej podobe as maxim\u00e1lnym d\u00f4razom na preh\u013eadnos\u0165.<\/p>\n<p>V\u0161etky podklady s\u00fa vo\u013ene \u0161\u00edrite\u013en\u00e9. Redak\u010dn\u00fd obsah mo\u017eno prebera\u0165 bez ak\u00e9hoko\u013evek obmedzenia.<\/p>\n<p><span style=\"color: #555555;\">E-mail:\u00a0<\/span><a style=\"color: #000000;\" href=\"mailto:redakce@statisticky.cz\">redakce@statisticky.cz<\/a><\/p>\n","protected":false},"excerpt":{"rendered":"<p>Hlavn\u00fdm cie\u013eom port\u00e1lu Spravodajstvo24.sk je pravidelne prin\u00e1\u0161a\u0165 zauj\u00edmav\u00e9 fakty z vybran\u00fdch oblast\u00ed slovenskom trhu v ucelenej podobe as maxim\u00e1lnym d\u00f4razom na preh\u013eadnos\u0165. V\u0161etky podklady s\u00fa vo\u013ene \u0161\u00edrite\u013en\u00e9. Redak\u010dn\u00fd obsah mo\u017eno prebera\u0165 bez ak\u00e9hoko\u013evek obmedzenia. E-mail:\u00a0redakce@statisticky.cz<\/p>\n<p class=\"more-link-p\"><a class=\"more-link\" href=\"https:\/\/spravodajstvo24.sk\/?page_id=18\">Read more &rarr;<\/a><\/p>\n","protected":false},"author":2,"featured_media":0,"parent":0,"menu_order":0,"comment_status":"closed","ping_status":"closed","template":"","meta":{"footnotes":""},"class_list":["post-18","page","type-page","status-publish","hentry"],"aioseo_notices":[],"_links":{"self":[{"href":"https:\/\/spravodajstvo24.sk\/index.php?rest_route=\/wp\/v2\/pages\/18","targetHints":{"allow":["GET"]}}],"collection":[{"href":"https:\/\/spravodajstvo24.sk\/index.php?rest_route=\/wp\/v2\/pages"}],"about":[{"href":"https:\/\/spravodajstvo24.sk\/index.php?rest_route=\/wp\/v2\/types\/page"}],"author":[{"embeddable":true,"href":"https:\/\/spravodajstvo24.sk\/index.php?rest_route=\/wp\/v2\/users\/2"}],"replies":[{"embeddable":true,"href":"https:\/\/spravodajstvo24.sk\/index.php?rest_route=%2Fwp%2Fv2%2Fcomments&post=18"}],"version-history":[{"count":4,"href":"https:\/\/spravodajstvo24.sk\/index.php?rest_route=\/wp\/v2\/pages\/18\/revisions"}],"predecessor-version":[{"id":155,"href":"https:\/\/spravodajstvo24.sk\/index.php?rest_route=\/wp\/v2\/pages\/18\/revisions\/155"}],"wp:attachment":[{"href":"https:\/\/spravodajstvo24.sk\/index.php?rest_route=%2Fwp%2Fv2%2Fmedia&parent=18"}],"curies":[{"name":"wp","href":"https:\/\/api.w.org\/{rel}","templated":true}]}}